{"id":10566,"date":"2025-11-27T15:14:03","date_gmt":"2025-11-27T14:14:03","guid":{"rendered":"https:\/\/www.badgecom.com\/?page_id=10566"},"modified":"2025-12-22T12:48:40","modified_gmt":"2025-12-22T11:48:40","slug":"service","status":"publish","type":"page","link":"https:\/\/badgecom.com\/fr\/service\/","title":{"rendered":"Service"},"content":{"rendered":"<div data-elementor-type=\"wp-page\" data-elementor-id=\"10566\" class=\"elementor elementor-10566\" data-elementor-post-type=\"page\">\n\t\t\t\t\t\t<section class=\"elementor-section elementor-top-section elementor-element elementor-element-efd2778 elementor-section-boxed elementor-section-height-default elementor-section-height-default\" data-id=\"efd2778\" data-element_type=\"section\" data-e-type=\"section\">\n\t\t\t\t\t\t<div class=\"elementor-container elementor-column-gap-default\">\n\t\t\t\t\t<div class=\"elementor-column elementor-col-100 elementor-top-column elementor-element elementor-element-1862344\" data-id=\"1862344\" data-element_type=\"column\" data-e-type=\"column\">\n\t\t\t<div class=\"elementor-widget-wrap elementor-element-populated\">\n\t\t\t\t\t\t<div class=\"elementor-element elementor-element-de3662f animated-slow elementor-invisible elementor-widget elementor-widget-elementskit-heading\" data-id=\"de3662f\" data-element_type=\"widget\" data-e-type=\"widget\" data-settings=\"{&quot;_animation&quot;:&quot;fadeIn&quot;}\" data-widget_type=\"elementskit-heading.default\">\n\t\t\t\t<div class=\"elementor-widget-container\">\n\t\t\t\t\t<div class=\"ekit-wid-con\" ><div class=\"ekit-heading elementskit-section-title-wraper text_center   ekit_heading_tablet-   ekit_heading_mobile-\">\t\t\t\t<div class='ekit-heading__description'>\n\t\t\t\t\t<p>Notre service comprend des prestations professionnelles que nous ex\u00e9cutons de mani\u00e8re fiable et selon tes besoins.<\/p>\n\t\t\t\t<\/div>\n\t\t\t<\/div><\/div>\t\t\t\t<\/div>\n\t\t\t\t<\/div>\n\t\t\t\t<section class=\"elementor-section elementor-inner-section elementor-element elementor-element-8b4b3d2 elementor-section-boxed elementor-section-height-default elementor-section-height-default\" data-id=\"8b4b3d2\" data-element_type=\"section\" data-e-type=\"section\">\n\t\t\t\t\t\t<div class=\"elementor-container elementor-column-gap-default\">\n\t\t\t\t\t<div class=\"elementor-column elementor-col-50 elementor-inner-column elementor-element elementor-element-8350d48\" data-id=\"8350d48\" data-element_type=\"column\" data-e-type=\"column\">\n\t\t\t<div class=\"elementor-widget-wrap elementor-element-populated\">\n\t\t\t\t\t\t<div class=\"elementor-element elementor-element-e10001f animated-slow ekit-equal-height-disable elementor-invisible elementor-widget elementor-widget-elementskit-icon-box\" data-id=\"e10001f\" data-element_type=\"widget\" data-e-type=\"widget\" data-settings=\"{&quot;_animation&quot;:&quot;slideInLeft&quot;}\" data-widget_type=\"elementskit-icon-box.default\">\n\t\t\t\t<div class=\"elementor-widget-container\">\n\t\t\t\t\t<div class=\"ekit-wid-con\" >        <!-- link opening -->\n                <!-- end link opening -->\n\n        <div class=\"elementskit-infobox text-center text- icon-top-align elementor-animation-\">\n                    <div class=\"elementskit-box-header elementor-animation-\">\n                <div class=\"elementskit-info-box-icon\">\n                    <i aria-hidden=\"true\" class=\"elementkit-infobox-icon icon icon-tools\"><\/i>\n                <\/div>\n          <\/div>\n                        <div class=\"box-body\">\n                            <h3 class=\"elementskit-info-box-title\">\n                    R\u00e9paration d'imprimante \u00e0 cartes                <\/h3>\n                        \t\t  \t<p>Nous r\u00e9parons les imprimantes \u00e0 cartes de mani\u00e8re professionnelle et veillons \u00e0 ce que tes appareils soient de nouveau rapidement op\u00e9rationnels.<\/p>\n                                        <div class=\"box-footer disable_hover_button\">\n                    <div class=\"btn-wraper\">\n                                                            <a class=\"elementskit-btn whitespace--normal elementor-animation-grow\" href=\"https:\/\/badgecom.com\/fr\/service\/kartendrucker-reparatur\/\">\n                                                                                En savoir plus                                    <\/a>\n                                                        <\/div>\n                <\/div>\n                    <\/div>\n        \n        \n                <\/div>\n        <\/div>\t\t\t\t<\/div>\n\t\t\t\t<\/div>\n\t\t\t\t\t<\/div>\n\t\t<\/div>\n\t\t\t\t<div class=\"elementor-column elementor-col-50 elementor-inner-column elementor-element elementor-element-3653991\" data-id=\"3653991\" data-element_type=\"column\" data-e-type=\"column\">\n\t\t\t<div class=\"elementor-widget-wrap elementor-element-populated\">\n\t\t\t\t\t\t<div class=\"elementor-element elementor-element-e0269ed animated-slow ekit-equal-height-disable elementor-invisible elementor-widget elementor-widget-elementskit-icon-box\" data-id=\"e0269ed\" data-element_type=\"widget\" data-e-type=\"widget\" data-settings=\"{&quot;_animation&quot;:&quot;slideInRight&quot;}\" data-widget_type=\"elementskit-icon-box.default\">\n\t\t\t\t<div class=\"elementor-widget-container\">\n\t\t\t\t\t<div class=\"ekit-wid-con\" >        <!-- link opening -->\n                <!-- end link opening -->\n\n        <div class=\"elementskit-infobox text-center text-center icon-top-align elementor-animation-\">\n                    <div class=\"elementskit-box-header elementor-animation-\">\n                <div class=\"elementskit-info-box-icon\">\n                    <i aria-hidden=\"true\" class=\"elementkit-infobox-icon icon icon-id-card\"><\/i>\n                <\/div>\n          <\/div>\n                        <div class=\"box-body\">\n                            <h3 class=\"elementskit-info-box-title\">\n                    Service d'impression de cartes                <\/h3>\n                        \t\t  \t<p>Notre service d'impression de cartes se charge de la cr\u00e9ation et de l'impression professionnelles de tes cartes selon tes instructions individuelles.<\/p>\n                                        <div class=\"box-footer disable_hover_button\">\n                    <div class=\"btn-wraper\">\n                                                            <a class=\"elementskit-btn whitespace--normal elementor-animation-grow\" href=\"https:\/\/badgecom.com\/fr\/service\/kartendruckservice\/\">\n                                                                                En savoir plus                                    <\/a>\n                                                        <\/div>\n                <\/div>\n                    <\/div>\n        \n        \n                <\/div>\n        <\/div>\t\t\t\t<\/div>\n\t\t\t\t<\/div>\n\t\t\t\t\t<\/div>\n\t\t<\/div>\n\t\t\t\t\t<\/div>\n\t\t<\/section>\n\t\t\t\t\t<\/div>\n\t\t<\/div>\n\t\t\t\t\t<\/div>\n\t\t<\/section>\n\t\t\t\t<\/div>","protected":false},"excerpt":{"rendered":"<p>D\u00e9couvrez les services que nous mettons \u00e0 votre disposition.<\/p>","protected":false},"author":1,"featured_media":0,"parent":0,"menu_order":0,"comment_status":"closed","ping_status":"closed","template":"","meta":{"footnotes":""},"class_list":["post-10566","page","type-page","status-publish","hentry"],"_links":{"self":[{"href":"https:\/\/badgecom.com\/fr\/wp-json\/wp\/v2\/pages\/10566","targetHints":{"allow":["GET"]}}],"collection":[{"href":"https:\/\/badgecom.com\/fr\/wp-json\/wp\/v2\/pages"}],"about":[{"href":"https:\/\/badgecom.com\/fr\/wp-json\/wp\/v2\/types\/page"}],"author":[{"embeddable":true,"href":"https:\/\/badgecom.com\/fr\/wp-json\/wp\/v2\/users\/1"}],"replies":[{"embeddable":true,"href":"https:\/\/badgecom.com\/fr\/wp-json\/wp\/v2\/comments?post=10566"}],"version-history":[{"count":34,"href":"https:\/\/badgecom.com\/fr\/wp-json\/wp\/v2\/pages\/10566\/revisions"}],"predecessor-version":[{"id":12636,"href":"https:\/\/badgecom.com\/fr\/wp-json\/wp\/v2\/pages\/10566\/revisions\/12636"}],"wp:attachment":[{"href":"https:\/\/badgecom.com\/fr\/wp-json\/wp\/v2\/media?parent=10566"}],"curies":[{"name":"wp","href":"https:\/\/api.w.org\/{rel}","templated":true}]}}