{"id":5564,"date":"2025-09-05T15:02:15","date_gmt":"2025-09-05T13:02:15","guid":{"rendered":"https:\/\/www.badgecom.com\/?page_id=5564"},"modified":"2025-12-18T16:50:16","modified_gmt":"2025-12-18T15:50:16","slug":"politique-de-confidentialite","status":"publish","type":"page","link":"https:\/\/badgecom.com\/fr\/datenschutz\/","title":{"rendered":"D\u00e9claration de confidentialit\u00e9"},"content":{"rendered":"<div data-elementor-type=\"wp-page\" data-elementor-id=\"5564\" class=\"elementor elementor-5564\" data-elementor-post-type=\"page\">\n\t\t\t\t\t\t<section class=\"elementor-section elementor-top-section elementor-element elementor-element-175d2e4 elementor-section-boxed elementor-section-height-default elementor-section-height-default\" data-id=\"175d2e4\" data-element_type=\"section\" data-e-type=\"section\" data-settings=\"{&quot;background_background&quot;:&quot;classic&quot;}\">\n\t\t\t\t\t\t<div class=\"elementor-container elementor-column-gap-default\">\n\t\t\t\t\t<div class=\"elementor-column elementor-col-100 elementor-top-column elementor-element elementor-element-0eb923a\" data-id=\"0eb923a\" data-element_type=\"column\" data-e-type=\"column\">\n\t\t\t<div class=\"elementor-widget-wrap elementor-element-populated\">\n\t\t\t\t\t\t<div class=\"elementor-element elementor-element-03df770 elementor-widget elementor-widget-elementskit-heading\" data-id=\"03df770\" data-element_type=\"widget\" data-e-type=\"widget\" data-widget_type=\"elementskit-heading.default\">\n\t\t\t\t<div class=\"elementor-widget-container\">\n\t\t\t\t\t<div class=\"ekit-wid-con\" ><div class=\"ekit-heading elementskit-section-title-wraper text_center   ekit_heading_tablet-   ekit_heading_mobile-\"><\/div><\/div>\t\t\t\t<\/div>\n\t\t\t\t<\/div>\n\t\t\t\t<div class=\"elementor-element elementor-element-a1c5190 elementor-widget elementor-widget-heading\" data-id=\"a1c5190\" data-element_type=\"widget\" data-e-type=\"widget\" data-widget_type=\"heading.default\">\n\t\t\t\t<div class=\"elementor-widget-container\">\n\t\t\t\t\t<h4 class=\"elementor-heading-title elementor-size-default\">Instance responsable<\/h4>\t\t\t\t<\/div>\n\t\t\t\t<\/div>\n\t\t\t\t<div class=\"elementor-element elementor-element-0020406 elementor-widget elementor-widget-text-editor\" data-id=\"0020406\" data-element_type=\"widget\" data-e-type=\"widget\" data-widget_type=\"text-editor.default\">\n\t\t\t\t<div class=\"elementor-widget-container\">\n\t\t\t\t\t\t\t\t\t<p>BadgeCom GmbH<br \/>Binzstrasse 23<br \/>8045 Zurich<br \/>Suisse<br \/><strong>Courrier \u00e9lectronique :<\/strong> info@badgecom.com<\/p>\t\t\t\t\t\t\t\t<\/div>\n\t\t\t\t<\/div>\n\t\t\t\t<div class=\"elementor-element elementor-element-b859e83 elementor-widget elementor-widget-heading\" data-id=\"b859e83\" data-element_type=\"widget\" data-e-type=\"widget\" data-widget_type=\"heading.default\">\n\t\t\t\t<div class=\"elementor-widget-container\">\n\t\t\t\t\t<h4 class=\"elementor-heading-title elementor-size-default\">Collecte et utilisation de vos donn\u00e9es<\/h4>\t\t\t\t<\/div>\n\t\t\t\t<\/div>\n\t\t\t\t<div class=\"elementor-element elementor-element-af9a7b9 elementor-widget elementor-widget-text-editor\" data-id=\"af9a7b9\" data-element_type=\"widget\" data-e-type=\"widget\" data-widget_type=\"text-editor.default\">\n\t\t\t\t<div class=\"elementor-widget-container\">\n\t\t\t\t\t\t\t\t\t<p>Nous collectons et traitons des donn\u00e9es \u00e0 caract\u00e8re personnel lorsque vous :<\/p><ul><li>Passer une commande<\/li><li>S'inscrire \u00e0 notre newsletter<\/li><li>Nous contacter<\/li><\/ul><p>Nous utilisons les donn\u00e9es que vous nous fournissez exclusivement pour traiter votre commande, pour communiquer avec vous et pour am\u00e9liorer nos services.<\/p>\t\t\t\t\t\t\t\t<\/div>\n\t\t\t\t<\/div>\n\t\t\t\t<div class=\"elementor-element elementor-element-7522b02 elementor-widget elementor-widget-heading\" data-id=\"7522b02\" data-element_type=\"widget\" data-e-type=\"widget\" data-widget_type=\"heading.default\">\n\t\t\t\t<div class=\"elementor-widget-container\">\n\t\t\t\t\t<h4 class=\"elementor-heading-title elementor-size-default\">Types de donn\u00e9es<\/h4>\t\t\t\t<\/div>\n\t\t\t\t<\/div>\n\t\t\t\t<div class=\"elementor-element elementor-element-c6890a2 elementor-widget elementor-widget-text-editor\" data-id=\"c6890a2\" data-element_type=\"widget\" data-e-type=\"widget\" data-widget_type=\"text-editor.default\">\n\t\t\t\t<div class=\"elementor-widget-container\">\n\t\t\t\t\t\t\t\t\t<p>Les donn\u00e9es que nous collectons peuvent comprendre les \u00e9l\u00e9ments suivants :<\/p><ul><li><b>Informations de contact :<\/b> Nom, adresse, adresse e-mail, num\u00e9ro de t\u00e9l\u00e9phone<\/li><li><b>Informations sur le paiement :<\/b> Informations sur les cartes de cr\u00e9dit, coordonn\u00e9es bancaires (utilis\u00e9es uniquement pour le traitement des paiements)<\/li><li><b>Donn\u00e9es d'utilisation :<\/b> des informations sur votre comportement sur notre site web (par ex. adresse IP, type de navigateur, heures d'acc\u00e8s)<\/li><\/ul>\t\t\t\t\t\t\t\t<\/div>\n\t\t\t\t<\/div>\n\t\t\t\t<div class=\"elementor-element elementor-element-95d15b0 elementor-widget elementor-widget-heading\" data-id=\"95d15b0\" data-element_type=\"widget\" data-e-type=\"widget\" data-widget_type=\"heading.default\">\n\t\t\t\t<div class=\"elementor-widget-container\">\n\t\t\t\t\t<h4 class=\"elementor-heading-title elementor-size-default\">Transmission de donn\u00e9es<\/h4>\t\t\t\t<\/div>\n\t\t\t\t<\/div>\n\t\t\t\t<div class=\"elementor-element elementor-element-601b65c elementor-widget elementor-widget-text-editor\" data-id=\"601b65c\" data-element_type=\"widget\" data-e-type=\"widget\" data-widget_type=\"text-editor.default\">\n\t\t\t\t<div class=\"elementor-widget-container\">\n\t\t\t\t\t\t\t\t\t<p>Nous ne transmettons vos donn\u00e9es personnelles \u00e0 des tiers que si cela est n\u00e9cessaire \u00e0 l'ex\u00e9cution de votre commande (p. ex. \u00e0 des prestataires de services d'exp\u00e9dition) ou si vous avez donn\u00e9 votre accord expr\u00e8s. Vos donn\u00e9es ne seront jamais vendues ou lou\u00e9es sans votre consentement.<\/p>\t\t\t\t\t\t\t\t<\/div>\n\t\t\t\t<\/div>\n\t\t\t\t<div class=\"elementor-element elementor-element-c555df3 elementor-widget elementor-widget-heading\" data-id=\"c555df3\" data-element_type=\"widget\" data-e-type=\"widget\" data-widget_type=\"heading.default\">\n\t\t\t\t<div class=\"elementor-widget-container\">\n\t\t\t\t\t<h4 class=\"elementor-heading-title elementor-size-default\">Cookies<\/h4>\t\t\t\t<\/div>\n\t\t\t\t<\/div>\n\t\t\t\t<div class=\"elementor-element elementor-element-786a77d elementor-widget elementor-widget-text-editor\" data-id=\"786a77d\" data-element_type=\"widget\" data-e-type=\"widget\" data-widget_type=\"text-editor.default\">\n\t\t\t\t<div class=\"elementor-widget-container\">\n\t\t\t\t\t\t\t\t\t<p>Notre site web utilise des cookies afin d'am\u00e9liorer l'exp\u00e9rience de l'utilisateur. Les cookies sont de petits fichiers texte qui sont enregistr\u00e9s sur votre terminal. Vous pouvez adapter l'utilisation des cookies dans les param\u00e8tres de votre navigateur.<\/p>\t\t\t\t\t\t\t\t<\/div>\n\t\t\t\t<\/div>\n\t\t\t\t<div class=\"elementor-element elementor-element-5842af8 elementor-widget elementor-widget-heading\" data-id=\"5842af8\" data-element_type=\"widget\" data-e-type=\"widget\" data-widget_type=\"heading.default\">\n\t\t\t\t<div class=\"elementor-widget-container\">\n\t\t\t\t\t<h4 class=\"elementor-heading-title elementor-size-default\">Vos droits<\/h4>\t\t\t\t<\/div>\n\t\t\t\t<\/div>\n\t\t\t\t<div class=\"elementor-element elementor-element-c141870 elementor-widget elementor-widget-text-editor\" data-id=\"c141870\" data-element_type=\"widget\" data-e-type=\"widget\" data-widget_type=\"text-editor.default\">\n\t\t\t\t<div class=\"elementor-widget-container\">\n\t\t\t\t\t\t\t\t\t<p>Vous avez le droit de demander des informations sur les donn\u00e9es que nous avons enregistr\u00e9es \u00e0 votre sujet. En outre, vous avez le droit de demander la rectification, l'effacement ou la limitation du traitement de vos donn\u00e9es. Pour toute question ou pour exercer vos droits, veuillez nous contacter via les coordonn\u00e9es indiqu\u00e9es.<\/p>\t\t\t\t\t\t\t\t<\/div>\n\t\t\t\t<\/div>\n\t\t\t\t<div class=\"elementor-element elementor-element-15d9271 elementor-widget elementor-widget-heading\" data-id=\"15d9271\" data-element_type=\"widget\" data-e-type=\"widget\" data-widget_type=\"heading.default\">\n\t\t\t\t<div class=\"elementor-widget-container\">\n\t\t\t\t\t<h4 class=\"elementor-heading-title elementor-size-default\">S\u00e9curit\u00e9 de vos donn\u00e9es<\/h4>\t\t\t\t<\/div>\n\t\t\t\t<\/div>\n\t\t\t\t<div class=\"elementor-element elementor-element-22bdf13 elementor-widget elementor-widget-text-editor\" data-id=\"22bdf13\" data-element_type=\"widget\" data-e-type=\"widget\" data-widget_type=\"text-editor.default\">\n\t\t\t\t<div class=\"elementor-widget-container\">\n\t\t\t\t\t\t\t\t\t<p>Nous prenons des mesures techniques et organisationnelles appropri\u00e9es pour prot\u00e9ger vos donn\u00e9es personnelles contre la perte, l'utilisation abusive ou l'acc\u00e8s non autoris\u00e9.<\/p>\t\t\t\t\t\t\t\t<\/div>\n\t\t\t\t<\/div>\n\t\t\t\t<div class=\"elementor-element elementor-element-d77faca elementor-widget elementor-widget-heading\" data-id=\"d77faca\" data-element_type=\"widget\" data-e-type=\"widget\" data-widget_type=\"heading.default\">\n\t\t\t\t<div class=\"elementor-widget-container\">\n\t\t\t\t\t<h4 class=\"elementor-heading-title elementor-size-default\">Modifications des informations sur la protection des donn\u00e9es<\/h4>\t\t\t\t<\/div>\n\t\t\t\t<\/div>\n\t\t\t\t<div class=\"elementor-element elementor-element-6763aa5 elementor-widget elementor-widget-text-editor\" data-id=\"6763aa5\" data-element_type=\"widget\" data-e-type=\"widget\" data-widget_type=\"text-editor.default\">\n\t\t\t\t<div class=\"elementor-widget-container\">\n\t\t\t\t\t\t\t\t\t<p>Nous nous r\u00e9servons le droit de modifier \u00e0 tout moment les pr\u00e9sentes informations sur la protection des donn\u00e9es. La version actuelle sera publi\u00e9e sur notre site web.<\/p>\t\t\t\t\t\t\t\t<\/div>\n\t\t\t\t<\/div>\n\t\t\t\t\t<\/div>\n\t\t<\/div>\n\t\t\t\t\t<\/div>\n\t\t<\/section>\n\t\t\t\t<\/div>","protected":false},"excerpt":{"rendered":"<p>Informations sur la protection de vos donn\u00e9es, sur nos pratiques en mati\u00e8re de protection des donn\u00e9es et sur vos droits en tant qu'utilisateur.<\/p>","protected":false},"author":1,"featured_media":0,"parent":0,"menu_order":0,"comment_status":"closed","ping_status":"closed","template":"","meta":{"footnotes":""},"class_list":["post-5564","page","type-page","status-publish","hentry"],"_links":{"self":[{"href":"https:\/\/badgecom.com\/fr\/wp-json\/wp\/v2\/pages\/5564","targetHints":{"allow":["GET"]}}],"collection":[{"href":"https:\/\/badgecom.com\/fr\/wp-json\/wp\/v2\/pages"}],"about":[{"href":"https:\/\/badgecom.com\/fr\/wp-json\/wp\/v2\/types\/page"}],"author":[{"embeddable":true,"href":"https:\/\/badgecom.com\/fr\/wp-json\/wp\/v2\/users\/1"}],"replies":[{"embeddable":true,"href":"https:\/\/badgecom.com\/fr\/wp-json\/wp\/v2\/comments?post=5564"}],"version-history":[{"count":120,"href":"https:\/\/badgecom.com\/fr\/wp-json\/wp\/v2\/pages\/5564\/revisions"}],"predecessor-version":[{"id":12401,"href":"https:\/\/badgecom.com\/fr\/wp-json\/wp\/v2\/pages\/5564\/revisions\/12401"}],"wp:attachment":[{"href":"https:\/\/badgecom.com\/fr\/wp-json\/wp\/v2\/media?parent=5564"}],"curies":[{"name":"wp","href":"https:\/\/api.w.org\/{rel}","templated":true}]}}