{"id":5556,"date":"2025-09-05T14:57:05","date_gmt":"2025-09-05T12:57:05","guid":{"rendered":"https:\/\/www.badgecom.com\/?page_id=5556"},"modified":"2025-12-16T15:00:44","modified_gmt":"2025-12-16T14:00:44","slug":"note-legali","status":"publish","type":"page","link":"https:\/\/badgecom.com\/it\/impressum\/","title":{"rendered":"Note legali"},"content":{"rendered":"<div data-elementor-type=\"wp-page\" data-elementor-id=\"5556\" class=\"elementor elementor-5556\" data-elementor-post-type=\"page\">\n\t\t\t\t\t\t<section class=\"elementor-section elementor-top-section elementor-element elementor-element-17ef27a elementor-section-boxed elementor-section-height-default elementor-section-height-default\" data-id=\"17ef27a\" data-element_type=\"section\" data-e-type=\"section\">\n\t\t\t\t\t\t<div class=\"elementor-container elementor-column-gap-default\">\n\t\t\t\t\t<div class=\"elementor-column elementor-col-100 elementor-top-column elementor-element elementor-element-bdde3af\" data-id=\"bdde3af\" data-element_type=\"column\" data-e-type=\"column\">\n\t\t\t<div class=\"elementor-widget-wrap elementor-element-populated\">\n\t\t\t\t\t\t<div class=\"elementor-element elementor-element-23a810c elementor-widget elementor-widget-elementskit-heading\" data-id=\"23a810c\" data-element_type=\"widget\" data-e-type=\"widget\" data-widget_type=\"elementskit-heading.default\">\n\t\t\t\t<div class=\"elementor-widget-container\">\n\t\t\t\t\t<div class=\"ekit-wid-con\" ><div class=\"ekit-heading elementskit-section-title-wraper text_center   ekit_heading_tablet-   ekit_heading_mobile-\"><\/div><\/div>\t\t\t\t<\/div>\n\t\t\t\t<\/div>\n\t\t\t\t<div class=\"elementor-element elementor-element-b138f02 elementor-widget elementor-widget-heading\" data-id=\"b138f02\" data-element_type=\"widget\" data-e-type=\"widget\" data-widget_type=\"heading.default\">\n\t\t\t\t<div class=\"elementor-widget-container\">\n\t\t\t\t\t<h4 class=\"elementor-heading-title elementor-size-default\">Autorit\u00e0 responsabile<\/h4>\t\t\t\t<\/div>\n\t\t\t\t<\/div>\n\t\t\t\t<div class=\"elementor-element elementor-element-7b4a1cb elementor-widget elementor-widget-text-editor\" data-id=\"7b4a1cb\" data-element_type=\"widget\" data-e-type=\"widget\" data-widget_type=\"text-editor.default\">\n\t\t\t\t<div class=\"elementor-widget-container\">\n\t\t\t\t\t\t\t\t\t<p>BadgeCom GmbH<br \/>Binzstrasse 23<br \/>8045 Zurigo<br \/>Svizzera<br \/><strong>E-mail<\/strong>: info@badgecom.com<\/p>\t\t\t\t\t\t\t\t<\/div>\n\t\t\t\t<\/div>\n\t\t\t\t<div class=\"elementor-element elementor-element-dd7ae89 elementor-widget elementor-widget-heading\" data-id=\"dd7ae89\" data-element_type=\"widget\" data-e-type=\"widget\" data-widget_type=\"heading.default\">\n\t\t\t\t<div class=\"elementor-widget-container\">\n\t\t\t\t\t<h4 class=\"elementor-heading-title elementor-size-default\">Persone autorizzate a rappresentare la societ\u00e0<\/h4>\t\t\t\t<\/div>\n\t\t\t\t<\/div>\n\t\t\t\t<div class=\"elementor-element elementor-element-3d245ec elementor-widget elementor-widget-text-editor\" data-id=\"3d245ec\" data-element_type=\"widget\" data-e-type=\"widget\" data-widget_type=\"text-editor.default\">\n\t\t\t\t<div class=\"elementor-widget-container\">\n\t\t\t\t\t\t\t\t\t<p>Ron Shiller<\/p>\t\t\t\t\t\t\t\t<\/div>\n\t\t\t\t<\/div>\n\t\t\t\t<div class=\"elementor-element elementor-element-9dc83a2 elementor-widget elementor-widget-heading\" data-id=\"9dc83a2\" data-element_type=\"widget\" data-e-type=\"widget\" data-widget_type=\"heading.default\">\n\t\t\t\t<div class=\"elementor-widget-container\">\n\t\t\t\t\t<h4 class=\"elementor-heading-title elementor-size-default\">Dati aziendali<\/h4>\t\t\t\t<\/div>\n\t\t\t\t<\/div>\n\t\t\t\t<div class=\"elementor-element elementor-element-64477bf elementor-widget elementor-widget-text-editor\" data-id=\"64477bf\" data-element_type=\"widget\" data-e-type=\"widget\" data-widget_type=\"text-editor.default\">\n\t\t\t\t<div class=\"elementor-widget-container\">\n\t\t\t\t\t\t\t\t\t<p><strong>Nome della societ\u00e0<\/strong>BadgeCom GmbH<br \/><strong>Numero di registrazione<\/strong>CHE-112.107.63<br \/><strong>Numero di identificazione dell'imposta sulle vendite<\/strong>: CHE-112.107.639 MWST<\/p>\t\t\t\t\t\t\t\t<\/div>\n\t\t\t\t<\/div>\n\t\t\t\t<div class=\"elementor-element elementor-element-9cb0418 elementor-widget elementor-widget-heading\" data-id=\"9cb0418\" data-element_type=\"widget\" data-e-type=\"widget\" data-widget_type=\"heading.default\">\n\t\t\t\t<div class=\"elementor-widget-container\">\n\t\t\t\t\t<h4 class=\"elementor-heading-title elementor-size-default\">Esclusione di responsabilit\u00e0<\/h4>\t\t\t\t<\/div>\n\t\t\t\t<\/div>\n\t\t\t\t<div class=\"elementor-element elementor-element-66ef34a elementor-widget elementor-widget-text-editor\" data-id=\"66ef34a\" data-element_type=\"widget\" data-e-type=\"widget\" data-widget_type=\"text-editor.default\">\n\t\t\t\t<div class=\"elementor-widget-container\">\n\t\t\t\t\t\t\t\t\t<p>L'autore non si assume alcuna responsabilit\u00e0 per la correttezza, l'accuratezza, l'attualit\u00e0, l'affidabilit\u00e0 e la completezza delle informazioni.<br \/>Sono escluse le richieste di responsabilit\u00e0 nei confronti dell'autore per danni di natura materiale o immateriale derivanti dall'accesso, dall'uso o dal mancato uso delle informazioni pubblicate, dall'uso improprio della connessione o da guasti tecnici.<\/p><p>Tutte le offerte sono soggette a modifiche. L'autore si riserva espressamente il diritto di modificare, integrare o cancellare parti delle pagine o l'intera offerta senza preavviso o di interrompere temporaneamente o definitivamente la pubblicazione.<\/p>\t\t\t\t\t\t\t\t<\/div>\n\t\t\t\t<\/div>\n\t\t\t\t<div class=\"elementor-element elementor-element-321c43a elementor-widget elementor-widget-heading\" data-id=\"321c43a\" data-element_type=\"widget\" data-e-type=\"widget\" data-widget_type=\"heading.default\">\n\t\t\t\t<div class=\"elementor-widget-container\">\n\t\t\t\t\t<h4 class=\"elementor-heading-title elementor-size-default\">Esclusione di responsabilit\u00e0 per i contenuti e i link<\/h4>\t\t\t\t<\/div>\n\t\t\t\t<\/div>\n\t\t\t\t<div class=\"elementor-element elementor-element-ebd0eb7 elementor-widget elementor-widget-text-editor\" data-id=\"ebd0eb7\" data-element_type=\"widget\" data-e-type=\"widget\" data-widget_type=\"text-editor.default\">\n\t\t\t\t<div class=\"elementor-widget-container\">\n\t\t\t\t\t\t\t\t\t<p>I riferimenti e i link a siti web di terzi non rientrano nella nostra sfera di responsabilit\u00e0. Si declina ogni responsabilit\u00e0 per tali siti web. L'accesso e l'utilizzo di tali siti web \u00e8 a rischio e pericolo dell'utente.<\/p>\t\t\t\t\t\t\t\t<\/div>\n\t\t\t\t<\/div>\n\t\t\t\t<div class=\"elementor-element elementor-element-b3935ac elementor-widget elementor-widget-heading\" data-id=\"b3935ac\" data-element_type=\"widget\" data-e-type=\"widget\" data-widget_type=\"heading.default\">\n\t\t\t\t<div class=\"elementor-widget-container\">\n\t\t\t\t\t<h4 class=\"elementor-heading-title elementor-size-default\">Dichiarazione di copyright<\/h4>\t\t\t\t<\/div>\n\t\t\t\t<\/div>\n\t\t\t\t<div class=\"elementor-element elementor-element-245749d elementor-widget elementor-widget-text-editor\" data-id=\"245749d\" data-element_type=\"widget\" data-e-type=\"widget\" data-widget_type=\"text-editor.default\">\n\t\t\t\t<div class=\"elementor-widget-container\">\n\t\t\t\t\t\t\t\t\t<p>I diritti d'autore e tutti gli altri diritti su contenuti, immagini, foto o altri file di questo sito web appartengono esclusivamente a BadgeCom GmbH o ai titolari dei diritti specificamente indicati. Per la riproduzione di qualsiasi elemento \u00e8 necessario ottenere preventivamente il consenso scritto del titolare del copyright.<\/p>\t\t\t\t\t\t\t\t<\/div>\n\t\t\t\t<\/div>\n\t\t\t\t\t<\/div>\n\t\t<\/div>\n\t\t\t\t\t<\/div>\n\t\t<\/section>\n\t\t\t\t<\/div>","protected":false},"excerpt":{"rendered":"<p>Informazioni sulla nostra azienda e informazioni legali.<\/p>","protected":false},"author":1,"featured_media":0,"parent":0,"menu_order":0,"comment_status":"closed","ping_status":"closed","template":"","meta":{"footnotes":""},"class_list":["post-5556","page","type-page","status-publish","hentry"],"_links":{"self":[{"href":"https:\/\/badgecom.com\/it\/wp-json\/wp\/v2\/pages\/5556","targetHints":{"allow":["GET"]}}],"collection":[{"href":"https:\/\/badgecom.com\/it\/wp-json\/wp\/v2\/pages"}],"about":[{"href":"https:\/\/badgecom.com\/it\/wp-json\/wp\/v2\/types\/page"}],"author":[{"embeddable":true,"href":"https:\/\/badgecom.com\/it\/wp-json\/wp\/v2\/users\/1"}],"replies":[{"embeddable":true,"href":"https:\/\/badgecom.com\/it\/wp-json\/wp\/v2\/comments?post=5556"}],"version-history":[{"count":48,"href":"https:\/\/badgecom.com\/it\/wp-json\/wp\/v2\/pages\/5556\/revisions"}],"predecessor-version":[{"id":12232,"href":"https:\/\/badgecom.com\/it\/wp-json\/wp\/v2\/pages\/5556\/revisions\/12232"}],"wp:attachment":[{"href":"https:\/\/badgecom.com\/it\/wp-json\/wp\/v2\/media?parent=5556"}],"curies":[{"name":"wp","href":"https:\/\/api.w.org\/{rel}","templated":true}]}}